{"id":1014,"date":"2019-12-20T12:16:19","date_gmt":"2019-12-20T10:16:19","guid":{"rendered":"http:\/\/www.csav.be\/?page_id=1014"},"modified":"2022-03-14T11:07:09","modified_gmt":"2022-03-14T09:07:09","slug":"en-ecole-de-devoirs","status":"publish","type":"page","link":"http:\/\/www.csav.be\/?page_id=1014","title":{"rendered":"En \u00e9cole de devoirs"},"content":{"rendered":"<h3 style=\"text-align: left;\"><span style=\"color: #ffcc00;\"><strong>Vous avez quelques heures disponibles par semaine pour\u00a0aider des enfants \u00e0 r\u00e9aliser leurs devoirs ?<\/strong><\/span><\/h3>\n<p>Parmi d\u2019autres activit\u00e9s, <strong>l\u2019asbl Cha\u00eenes de Services et d\u2019Amiti\u00e9 (CSA)<\/strong> propose une \u00e9cole de devoirs pour des enfants du primaire inscrits au pr\u00e9alable.<\/p>\n<p>De 15h10 \u00e0 18h, l\u2019\u00e9quipe d\u2019animateurs permanents et volontaires aide individuellement chaque enfant en deux tranches horaires.<\/p>\n<blockquote><p><em>Etre b\u00e9n\u00e9vole aux C.S.A, c&#8217;est consacrer un peu de temps libre&#8230; et au final&#8230; c&#8217;est recevoir. C&#8217;est aider des enfants \u00e0 progresser dans leurs \u00e9tudes, leur donner confiance en eux et en un avenir possible. Quel bonheur de voir l&#8217;amiti\u00e9 et le sourire de ces enfants, vivre des contacts chaleureux et gratuits&#8230;<\/em><\/p><\/blockquote>\n<p>Etre volontaire \u00e0 l&#8217;\u00e9cole de devoirs n\u00e9cessite d&#8217;\u00eatre libre au\u00a0minimum 3h par semaine, pas besoin de connaissances sp\u00e9cifiques : juste un contact ais\u00e9 avec les enfants et pouvoir pr\u00e9senter un certificat de bonnes vie et m\u0153urs en ordre.<\/p>\n<div id=\"giveaday-widget\"><\/div>\n<p>  <script src=\"https:\/\/www.giveaday.be\/assets\/giveaday_v1.js\"><\/script><br \/>\n  <script>\n  function renderWidget() {\n  giveADayWidget.initialize('giveaday-widget', 3083, 'organization', 'small', 'fr', '#5ae41f');\n  }\n  renderWidget();\n  <\/script><\/p>\n<p>&nbsp;<\/p>\n<p>&nbsp;<\/p>\n<h4><em><u>Int\u00e9ress\u00e9<\/u> ?<\/em><br \/>\nASBL Cha\u00eenes de Services et d&#8217;Amiti\u00e9, <b>087\/35.14.65<\/b> ou <b>info@csav.be<\/b><br \/>\nRue de Stembert, 48 \u00e0 4800 Verviers<\/h4>\n","protected":false},"excerpt":{"rendered":"<p>Vous avez quelques heures disponibles par semaine pour\u00a0aider des enfants \u00e0 r\u00e9aliser leurs devoirs ? [&hellip;]<\/p>\n","protected":false},"author":4,"featured_media":0,"parent":0,"menu_order":0,"comment_status":"closed","ping_status":"closed","template":"","meta":[],"_links":{"self":[{"href":"http:\/\/www.csav.be\/index.php?rest_route=\/wp\/v2\/pages\/1014"}],"collection":[{"href":"http:\/\/www.csav.be\/index.php?rest_route=\/wp\/v2\/pages"}],"about":[{"href":"http:\/\/www.csav.be\/index.php?rest_route=\/wp\/v2\/types\/page"}],"author":[{"embeddable":true,"href":"http:\/\/www.csav.be\/index.php?rest_route=\/wp\/v2\/users\/4"}],"replies":[{"embeddable":true,"href":"http:\/\/www.csav.be\/index.php?rest_route=%2Fwp%2Fv2%2Fcomments&post=1014"}],"version-history":[{"count":7,"href":"http:\/\/www.csav.be\/index.php?rest_route=\/wp\/v2\/pages\/1014\/revisions"}],"predecessor-version":[{"id":1269,"href":"http:\/\/www.csav.be\/index.php?rest_route=\/wp\/v2\/pages\/1014\/revisions\/1269"}],"wp:attachment":[{"href":"http:\/\/www.csav.be\/index.php?rest_route=%2Fwp%2Fv2%2Fmedia&parent=1014"}],"curies":[{"name":"wp","href":"https:\/\/api.w.org\/{rel}","templated":true}]}}