{"id":1015,"date":"2019-12-20T12:16:19","date_gmt":"2019-12-20T10:16:19","guid":{"rendered":"http:\/\/www.csav.be\/?page_id=1015"},"modified":"2026-01-29T19:16:34","modified_gmt":"2026-01-29T17:16:34","slug":"aux-camps","status":"publish","type":"page","link":"http:\/\/www.csav.be\/?page_id=1015","title":{"rendered":"Aux camps"},"content":{"rendered":"<h3 style=\"text-align: left;\"><span style=\"color: #ffcc00;\"><strong>Vous avez envie de permettre \u00e0 des enfants d&#8217;avoir des vacances ?<\/strong><\/span><\/h3>\n<p>Durant les mois de juillet et ao\u00fbt, <strong>l\u2019ASBL Cha\u00eenes de Services et d\u2019Amiti\u00e9 (CSA)<\/strong> organise des camps \u00e0 la mer (Bredene) ou en Ardenne (Wavreumont).<\/p>\n<p>Etre b\u00e9n\u00e9vole aux camps c&#8217;est accompagner des enfants durant 8 \u00e0 10 jours afin de leur offrir des vacances inoubliables! Vous aimez l&#8217;animation et avez un contact ais\u00e9 avec les enfants, voir les yeux des enfants remplis d&#8217;\u00e9toiles vous motivent \u00e9norm\u00e9ment et vous souhaitez donner de votre temps durant les grandes vacances.<\/p>\n<p>Une derni\u00e8re petite chose en passant&#8230; vous \u00eates en mesure de nous pr\u00e9senter un certificat de bonnes vie et m\u0153urs en ordre.<\/p>\n<h4><em><u>Int\u00e9ress\u00e9<\/u> ?<\/em><br \/>\nASBL Cha\u00eenes de Services et d&#8217;Amiti\u00e9, <b>087\/35.14.65<\/b> ou camps<b>@csav.be<\/b><br \/>\nRue de Stembert, 48 \u00e0 4800 Verviers<\/h4>\n","protected":false},"excerpt":{"rendered":"<p>Vous avez envie de permettre \u00e0 des enfants d&#8217;avoir des vacances ? Durant les mois [&hellip;]<\/p>\n","protected":false},"author":4,"featured_media":0,"parent":0,"menu_order":0,"comment_status":"closed","ping_status":"closed","template":"","meta":[],"_links":{"self":[{"href":"http:\/\/www.csav.be\/index.php?rest_route=\/wp\/v2\/pages\/1015"}],"collection":[{"href":"http:\/\/www.csav.be\/index.php?rest_route=\/wp\/v2\/pages"}],"about":[{"href":"http:\/\/www.csav.be\/index.php?rest_route=\/wp\/v2\/types\/page"}],"author":[{"embeddable":true,"href":"http:\/\/www.csav.be\/index.php?rest_route=\/wp\/v2\/users\/4"}],"replies":[{"embeddable":true,"href":"http:\/\/www.csav.be\/index.php?rest_route=%2Fwp%2Fv2%2Fcomments&post=1015"}],"version-history":[{"count":8,"href":"http:\/\/www.csav.be\/index.php?rest_route=\/wp\/v2\/pages\/1015\/revisions"}],"predecessor-version":[{"id":1508,"href":"http:\/\/www.csav.be\/index.php?rest_route=\/wp\/v2\/pages\/1015\/revisions\/1508"}],"wp:attachment":[{"href":"http:\/\/www.csav.be\/index.php?rest_route=%2Fwp%2Fv2%2Fmedia&parent=1015"}],"curies":[{"name":"wp","href":"https:\/\/api.w.org\/{rel}","templated":true}]}}