{"id":1036,"date":"2019-12-20T12:41:11","date_gmt":"2019-12-20T10:41:11","guid":{"rendered":"http:\/\/www.csav.be\/?page_id=1036"},"modified":"2023-02-20T12:25:32","modified_gmt":"2023-02-20T10:25:32","slug":"financier","status":"publish","type":"page","link":"http:\/\/www.csav.be\/?page_id=1036","title":{"rendered":"Financier"},"content":{"rendered":"<p>En versant votre don \u00e0 Caritas secours, agr\u00e9\u00e9 par le Service Public Finances, vous obtiendrez une r\u00e9duction d&#8217;imp\u00f4ts pour tout versement \u00e9gal ou sup\u00e9rieur \u00e0 40\u20ac. Votre don est \u00e0 verser sur le compte suivant:\u00a0<\/p>\n<blockquote>\n<p>BE04 2400 8007 6231<br \/>Caritas Secours ASBL<br \/>Rue des Bruy\u00e8res, 127<br \/>4000 Li\u00e8ge<br \/>avec la mention &#8220;Souhaite aider CSA asbl \u00e0 Verviers&#8221;.<\/p>\n<\/blockquote>\n\n\n<p class=\"has-small-font-size\">En effet, reconnaissant la qualit\u00e9 de travail social fourni et la rigueur de la gestion financi\u00e8re de notre projet, le Conseil d&#8217;administration de Caritas secours francophone a d\u00e9cid\u00e9 cette ann\u00e9e encore de lui accorder un subside dont le montant est influenc\u00e9 par la g\u00e9n\u00e9rosit\u00e9 de nos donateurs.<\/p>\n\n\n\n<p class=\"has-text-align-center has-large-font-size\"><strong><mark style=\"background-color:rgba(0, 0, 0, 0)\" class=\"has-inline-color has-luminous-vivid-orange-color\">Un <\/mark><mark style=\"background-color:rgba(0, 0, 0, 0)\" class=\"has-inline-color has-vivid-green-cyan-color\">tout <\/mark><mark style=\"background-color:rgba(0, 0, 0, 0)\" class=\"has-inline-color has-pale-cyan-blue-color\">grand\u00a0<\/mark><mark style=\"background-color:rgba(0, 0, 0, 0)\" class=\"has-inline-color has-vivid-red-color\">M<\/mark><mark style=\"background-color:rgba(0, 0, 0, 0)\" class=\"has-inline-color has-luminous-vivid-amber-color\">E<\/mark><mark style=\"background-color:rgba(0, 0, 0, 0)\" class=\"has-inline-color has-vivid-cyan-blue-color\">R<\/mark><mark style=\"background-color:rgba(0, 0, 0, 0)\" class=\"has-inline-color has-pale-pink-color\">C<\/mark><mark style=\"background-color:rgba(0, 0, 0, 0)\" class=\"has-inline-color has-vivid-purple-color\">I<\/mark><\/strong><\/p>\n\n\n\n<p><\/p>\n","protected":false},"excerpt":{"rendered":"<p>En versant votre don \u00e0 Caritas secours, agr\u00e9\u00e9 par le Service Public Finances, vous obtiendrez [&hellip;]<\/p>\n","protected":false},"author":4,"featured_media":0,"parent":0,"menu_order":0,"comment_status":"closed","ping_status":"closed","template":"","meta":[],"_links":{"self":[{"href":"http:\/\/www.csav.be\/index.php?rest_route=\/wp\/v2\/pages\/1036"}],"collection":[{"href":"http:\/\/www.csav.be\/index.php?rest_route=\/wp\/v2\/pages"}],"about":[{"href":"http:\/\/www.csav.be\/index.php?rest_route=\/wp\/v2\/types\/page"}],"author":[{"embeddable":true,"href":"http:\/\/www.csav.be\/index.php?rest_route=\/wp\/v2\/users\/4"}],"replies":[{"embeddable":true,"href":"http:\/\/www.csav.be\/index.php?rest_route=%2Fwp%2Fv2%2Fcomments&post=1036"}],"version-history":[{"count":5,"href":"http:\/\/www.csav.be\/index.php?rest_route=\/wp\/v2\/pages\/1036\/revisions"}],"predecessor-version":[{"id":1379,"href":"http:\/\/www.csav.be\/index.php?rest_route=\/wp\/v2\/pages\/1036\/revisions\/1379"}],"wp:attachment":[{"href":"http:\/\/www.csav.be\/index.php?rest_route=%2Fwp%2Fv2%2Fmedia&parent=1036"}],"curies":[{"name":"wp","href":"https:\/\/api.w.org\/{rel}","templated":true}]}}