{"id":1037,"date":"2019-12-20T12:41:11","date_gmt":"2019-12-20T10:41:11","guid":{"rendered":"http:\/\/www.csav.be\/?page_id=1037"},"modified":"2021-11-25T15:22:17","modified_gmt":"2021-11-25T13:22:17","slug":"materiel","status":"publish","type":"page","link":"http:\/\/www.csav.be\/?page_id=1037","title":{"rendered":"Mat\u00e9riel"},"content":{"rendered":"<p>Les C.S.A. accueillent une cinquantaine d&#8217;enfants durant l&#8217;ann\u00e9e scolaire lors pour l&#8217;\u00e9cole de devoirs et les animations. Durant les camps, c&#8217;est plus ou moins 130 enfants qui b\u00e9n\u00e9ficient de nos animations.<\/p>\n<p>Afin de fournir des activit\u00e9s ludiques et vari\u00e9es \u00e0 tous ces enfants, nous acceptons les dons mat\u00e9riels tels que ceux ci-dessous mais il s&#8217;agit l\u00e0 d&#8217;une liste non-exhaustive.<\/p>\n<p>N&#8217;h\u00e9sitez pas \u00e0 nous contacter au 087\/35.14.65.<\/p>\n<p>&nbsp;<\/p>\n<p><a href=\"http:\/\/www.csav.be\/?attachment_id=1114#main\" rel=\"attachment wp-att-1114\"><img decoding=\"async\" loading=\"lazy\" class=\"size-medium wp-image-1114 alignleft\" src=\"http:\/\/www.csav.be\/wp-content\/uploads\/2020\/01\/illustration-jeux-de-cartes-et-de-societe_1-1564570216-300x171.jpg\" alt=\"\" width=\"300\" height=\"171\" srcset=\"http:\/\/www.csav.be\/wp-content\/uploads\/2020\/01\/illustration-jeux-de-cartes-et-de-societe_1-1564570216-300x171.jpg 300w, http:\/\/www.csav.be\/wp-content\/uploads\/2020\/01\/illustration-jeux-de-cartes-et-de-societe_1-1564570216-768x438.jpg 768w, http:\/\/www.csav.be\/wp-content\/uploads\/2020\/01\/illustration-jeux-de-cartes-et-de-societe_1-1564570216-1024x584.jpg 1024w, http:\/\/www.csav.be\/wp-content\/uploads\/2020\/01\/illustration-jeux-de-cartes-et-de-societe_1-1564570216.jpg 1600w\" sizes=\"(max-width: 300px) 100vw, 300px\" \/><\/a><\/p>\n<p>&nbsp;<\/p>\n<p>&nbsp;<\/p>\n<p>Des jeux et jouets destin\u00e9s aux enfants \u00e0 partir de 6 ans.<\/p>\n<p>&nbsp;<\/p>\n<p>&nbsp;<\/p>\n<p><a href=\"http:\/\/www.csav.be\/?attachment_id=1115#main\" rel=\"attachment wp-att-1115\"><img decoding=\"async\" loading=\"lazy\" class=\"size-medium wp-image-1115 alignright\" src=\"http:\/\/www.csav.be\/wp-content\/uploads\/2020\/01\/matos-300x200.jpeg\" alt=\"\" width=\"300\" height=\"200\" srcset=\"http:\/\/www.csav.be\/wp-content\/uploads\/2020\/01\/matos-300x200.jpeg 300w, http:\/\/www.csav.be\/wp-content\/uploads\/2020\/01\/matos-768x512.jpeg 768w, http:\/\/www.csav.be\/wp-content\/uploads\/2020\/01\/matos.jpeg 800w\" sizes=\"(max-width: 300px) 100vw, 300px\" \/><\/a><\/p>\n<p>&nbsp;<\/p>\n<p>&nbsp;<\/p>\n<p style=\"text-align: center;\">Du mat\u00e9riel scolaire<\/p>\n<p>&nbsp;<\/p>\n<p>&nbsp;<\/p>\n<p><a href=\"http:\/\/www.csav.be\/?attachment_id=1116#main\" rel=\"attachment wp-att-1116\"><br \/>\n<img decoding=\"async\" loading=\"lazy\" class=\"size-medium wp-image-1116 alignleft\" src=\"http:\/\/www.csav.be\/wp-content\/uploads\/2020\/01\/t\u00e9l\u00e9chargement.jpg\" alt=\"\" width=\"297\" height=\"170\" \/><\/a><\/p>\n<p>&nbsp;<\/p>\n<p>Du mat\u00e9riel informatique<\/p>\n<p>&nbsp;<\/p>\n<p>&nbsp;<\/p>\n<p>&nbsp;<\/p>\n<p>&nbsp;<\/p>\n<p style=\"padding-left: 120px; text-align: center;\">\n","protected":false},"excerpt":{"rendered":"<p>Les C.S.A. accueillent une cinquantaine d&#8217;enfants durant l&#8217;ann\u00e9e scolaire lors pour l&#8217;\u00e9cole de devoirs et [&hellip;]<\/p>\n","protected":false},"author":4,"featured_media":0,"parent":0,"menu_order":0,"comment_status":"closed","ping_status":"closed","template":"","meta":[],"_links":{"self":[{"href":"http:\/\/www.csav.be\/index.php?rest_route=\/wp\/v2\/pages\/1037"}],"collection":[{"href":"http:\/\/www.csav.be\/index.php?rest_route=\/wp\/v2\/pages"}],"about":[{"href":"http:\/\/www.csav.be\/index.php?rest_route=\/wp\/v2\/types\/page"}],"author":[{"embeddable":true,"href":"http:\/\/www.csav.be\/index.php?rest_route=\/wp\/v2\/users\/4"}],"replies":[{"embeddable":true,"href":"http:\/\/www.csav.be\/index.php?rest_route=%2Fwp%2Fv2%2Fcomments&post=1037"}],"version-history":[{"count":5,"href":"http:\/\/www.csav.be\/index.php?rest_route=\/wp\/v2\/pages\/1037\/revisions"}],"predecessor-version":[{"id":1238,"href":"http:\/\/www.csav.be\/index.php?rest_route=\/wp\/v2\/pages\/1037\/revisions\/1238"}],"wp:attachment":[{"href":"http:\/\/www.csav.be\/index.php?rest_route=%2Fwp%2Fv2%2Fmedia&parent=1037"}],"curies":[{"name":"wp","href":"https:\/\/api.w.org\/{rel}","templated":true}]}}