{"id":108,"date":"2015-09-14T21:44:16","date_gmt":"2015-09-14T19:44:16","guid":{"rendered":"http:\/\/www.csav.be\/?page_id=108"},"modified":"2024-05-15T10:04:38","modified_gmt":"2024-05-15T08:04:38","slug":"location-dun-gite","status":"publish","type":"page","link":"http:\/\/www.csav.be\/?page_id=108","title":{"rendered":"Location du g\u00eete"},"content":{"rendered":"<h3><span style=\"color: #00ccff;\">Direction coquillages et crustac\u00e9s? <\/span><\/h3>\n<p>Notre maison situ\u00e9e \u00e0 Bredene, proche de la plage, peut \u00eatre lou\u00e9e presque toute l&#8217;ann\u00e9e (priorit\u00e9 donn\u00e9e \u00e0 nos camps durant les vacances d&#8217;\u00e9t\u00e9)!<\/p>\n<p>Besoin de renseignements? C&#8217;est <span style=\"color: #ffcc00;\"><a style=\"color: #ffcc00;\" href=\"http:\/\/www.csav.be\/?page_id=1001\">par ici<\/a><\/span>!<\/p>\n","protected":false},"excerpt":{"rendered":"<p>Direction coquillages et crustac\u00e9s? Notre maison situ\u00e9e \u00e0 Bredene, proche de la plage, peut \u00eatre [&hellip;]<\/p>\n","protected":false},"author":1,"featured_media":0,"parent":0,"menu_order":0,"comment_status":"closed","ping_status":"closed","template":"","meta":[],"_links":{"self":[{"href":"http:\/\/www.csav.be\/index.php?rest_route=\/wp\/v2\/pages\/108"}],"collection":[{"href":"http:\/\/www.csav.be\/index.php?rest_route=\/wp\/v2\/pages"}],"about":[{"href":"http:\/\/www.csav.be\/index.php?rest_route=\/wp\/v2\/types\/page"}],"author":[{"embeddable":true,"href":"http:\/\/www.csav.be\/index.php?rest_route=\/wp\/v2\/users\/1"}],"replies":[{"embeddable":true,"href":"http:\/\/www.csav.be\/index.php?rest_route=%2Fwp%2Fv2%2Fcomments&post=108"}],"version-history":[{"count":11,"href":"http:\/\/www.csav.be\/index.php?rest_route=\/wp\/v2\/pages\/108\/revisions"}],"predecessor-version":[{"id":1452,"href":"http:\/\/www.csav.be\/index.php?rest_route=\/wp\/v2\/pages\/108\/revisions\/1452"}],"wp:attachment":[{"href":"http:\/\/www.csav.be\/index.php?rest_route=%2Fwp%2Fv2%2Fmedia&parent=108"}],"curies":[{"name":"wp","href":"https:\/\/api.w.org\/{rel}","templated":true}]}}