{"id":1401,"date":"2023-03-16T12:29:07","date_gmt":"2023-03-16T10:29:07","guid":{"rendered":"http:\/\/www.csav.be\/?page_id=1401"},"modified":"2025-11-14T11:32:45","modified_gmt":"2025-11-14T09:32:45","slug":"faq","status":"publish","type":"page","link":"http:\/\/www.csav.be\/?page_id=1401","title":{"rendered":"FAQ"},"content":{"rendered":"\n<h4>Identit\u00e9<\/h4>\n\n\n\n<figure class=\"wp-block-image size-large is-resized\"><a href=\"http:\/\/www.csav.be\/wp-content\/uploads\/2023\/03\/FAQ-5.png\"><img decoding=\"async\" loading=\"lazy\" src=\"http:\/\/www.csav.be\/wp-content\/uploads\/2023\/03\/FAQ-5-1024x91.png\" alt=\"\" class=\"wp-image-1416\" width=\"632\" height=\"55\" srcset=\"http:\/\/www.csav.be\/wp-content\/uploads\/2023\/03\/FAQ-5-1024x91.png 1024w, http:\/\/www.csav.be\/wp-content\/uploads\/2023\/03\/FAQ-5-300x27.png 300w, http:\/\/www.csav.be\/wp-content\/uploads\/2023\/03\/FAQ-5.png 1075w\" sizes=\"(max-width: 632px) 100vw, 632px\" \/><\/a><figcaption class=\"wp-element-caption\">Durant l&#8217;ann\u00e9e scolaire, nous accueillons une cinquantaine d&#8217;enfants dans notre Ecole De Devoirs au quotidien. Chaque mercredi apr\u00e8s-midi, nous organisons des activit\u00e9s pour les enfants de 6 \u00e0 12 ans sur des th\u00e8mes divers et vari\u00e9s. <br>Durant les vacances scolaires, nous organisons des stages pour diff\u00e9rentes tranches d&#8217;\u00e2ges. <br>Durant les vacances d&#8217;\u00e9t\u00e9, en plus des stages sur la commune de Verviers, nous organisons des s\u00e9jours \u00e0 la mer et en Ardennes. <br>Nous proposons \u00e9galement, en matin\u00e9e, des permanences sociales (sur rendez-vous). <br>Nous accueillons des stagiaires (futurs \u00e9ducateurs, instituteurs,&#8230;).<\/figcaption><\/figure>\n\n\n\n<figure class=\"wp-block-image size-large is-resized\"><a href=\"http:\/\/www.csav.be\/wp-content\/uploads\/2023\/03\/FAQ-6.png\"><img decoding=\"async\" loading=\"lazy\" src=\"http:\/\/www.csav.be\/wp-content\/uploads\/2023\/03\/FAQ-6-1024x91.png\" alt=\"\" class=\"wp-image-1417\" width=\"640\" height=\"56\" srcset=\"http:\/\/www.csav.be\/wp-content\/uploads\/2023\/03\/FAQ-6-1024x91.png 1024w, http:\/\/www.csav.be\/wp-content\/uploads\/2023\/03\/FAQ-6-300x27.png 300w, http:\/\/www.csav.be\/wp-content\/uploads\/2023\/03\/FAQ-6.png 1075w\" sizes=\"(max-width: 640px) 100vw, 640px\" \/><\/a><figcaption class=\"wp-element-caption\">Aux C.S.A., vous trouverez des \u00e9ducateurs, animateurs et un ouvrier polyvalent. Nous accueillons avec beaucoup de plaisir de nouveaux stagiaires. N&#8217;h\u00e9sitez pas \u00e0 prendre contact avec nous. Lorsque nous sommes \u00e0 la recherche d&#8217;une nouvelle personne, nous diffusons un appel \u00e0 candidature. Vous pouvez toutefois nous envoyer votre candidature spontan\u00e9e qui, si elle correspond \u00e0 nos attentes, sera conserv\u00e9e afin de pouvoir vous contacter si un poste susceptible de vous int\u00e9resser venait \u00e0 se pr\u00e9senter.<br>Par ailleurs, nous sommes sans cesse \u00e0 la recherche de personnes b\u00e9n\u00e9voles (pour les s\u00e9jours d&#8217;\u00e9t\u00e9, l&#8217;\u00e9cole de devoirs, \u00e9v\u00e8nements ponctuels,&#8230;).<\/figcaption><\/figure>\n\n\n\n<figure class=\"wp-block-image size-large is-resized\"><a href=\"http:\/\/www.csav.be\/wp-content\/uploads\/2023\/03\/FAQ-7.png\"><img decoding=\"async\" loading=\"lazy\" src=\"http:\/\/www.csav.be\/wp-content\/uploads\/2023\/03\/FAQ-7-1024x91.png\" alt=\"\" class=\"wp-image-1419\" width=\"642\" height=\"56\" srcset=\"http:\/\/www.csav.be\/wp-content\/uploads\/2023\/03\/FAQ-7-1024x91.png 1024w, http:\/\/www.csav.be\/wp-content\/uploads\/2023\/03\/FAQ-7-300x27.png 300w, http:\/\/www.csav.be\/wp-content\/uploads\/2023\/03\/FAQ-7.png 1075w\" sizes=\"(max-width: 642px) 100vw, 642px\" \/><\/a><figcaption class=\"wp-element-caption\">Au pays de Magritte, l&#8217;Ecole De Devoirs est surr\u00e9aliste car ce n&#8217;est pas une \u00e9cole et on n&#8217;y fait pas que les devoirs. Les devoirs ne sont qu&#8217;une infime partie de ce que nous r\u00e9alisons comme travail dans une \u00e9cole de devoirs. En effet, nous travaillons au travers 4 grandes missions: Le d\u00e9veloppement intellectuel de l\u2019enfant, son d\u00e9veloppement et son \u00e9mancipation sociale, sa cr\u00e9ativit\u00e9, son acc\u00e8s et son initiation aux cultures dans leurs diff\u00e9rentes dimensions et enfin son apprentissage de la citoyennet\u00e9 et de la participation.<br>Ainsi, les enfants que nous accueillons vivent des moments durant lesquels nous tentons de r\u00e9pondre au maximum aux quatre missions cit\u00e9es ci-dessus.  <\/figcaption><\/figure>\n\n\n\n<h4>Inscriptions<\/h4>\n\n\n\n<figure class=\"wp-block-image size-large is-resized\"><a href=\"http:\/\/www.csav.be\/wp-content\/uploads\/2023\/03\/FAQ-1.png\"><img decoding=\"async\" loading=\"lazy\" src=\"http:\/\/www.csav.be\/wp-content\/uploads\/2023\/03\/FAQ-1-1024x91.png\" alt=\"\" class=\"wp-image-1408\" width=\"637\" height=\"56\" srcset=\"http:\/\/www.csav.be\/wp-content\/uploads\/2023\/03\/FAQ-1-1024x91.png 1024w, http:\/\/www.csav.be\/wp-content\/uploads\/2023\/03\/FAQ-1-300x27.png 300w, http:\/\/www.csav.be\/wp-content\/uploads\/2023\/03\/FAQ-1-768x69.png 768w, http:\/\/www.csav.be\/wp-content\/uploads\/2023\/03\/FAQ-1.png 1075w\" sizes=\"(max-width: 637px) 100vw, 637px\" \/><\/a><figcaption class=\"wp-element-caption\">Les demandes d&#8217;inscription sont tr\u00e8s nombreuses, le nombre de places moins\u2026 C&#8217;est pourquoi, nous \u00e9tablissons une liste d&#8217;attente durant toute l&#8217;ann\u00e9e scolaire. L&#8217;inscription sur cette liste peut se faire par t\u00e9l\u00e9phone, par mail ou sur place. Au mois de juin, nous repartons \u00e0 z\u00e9ro! Il est donc tr\u00e8s important de nous recontacter au mois de juin si vous souhaitez r\u00e9inscrire votre\/vos enfant(s) sur la liste d&#8217;attente. D\u00e8s qu&#8217;une place se lib\u00e8re et qu&#8217;il y a une possibilit\u00e9 d&#8217;inscrire votre\/vos enfant(s) \u00e0 l&#8217;\u00e9cole de devoirs, nous vous recontactons. Cela ne sert donc \u00e0 rien de nous appeler pour connaitre sa\/leur place dans la liste d&#8217;attente.<br>L&#8217;Ecole De Devoirs des C.S.A. est gratuite.<\/figcaption><\/figure>\n\n\n\n<figure class=\"wp-block-image size-large is-resized\"><a href=\"http:\/\/www.csav.be\/wp-content\/uploads\/2023\/03\/FAQ-2.png\"><img decoding=\"async\" loading=\"lazy\" src=\"http:\/\/www.csav.be\/wp-content\/uploads\/2023\/03\/FAQ-2-1024x91.png\" alt=\"\" class=\"wp-image-1409\" width=\"635\" height=\"55\" srcset=\"http:\/\/www.csav.be\/wp-content\/uploads\/2023\/03\/FAQ-2-1024x91.png 1024w, http:\/\/www.csav.be\/wp-content\/uploads\/2023\/03\/FAQ-2-300x27.png 300w\" sizes=\"(max-width: 635px) 100vw, 635px\" \/><\/a><figcaption class=\"wp-element-caption\">Les inscriptions aux camps d&#8217;\u00e9t\u00e9 sont ouvertes \u00e0 partir du mois de mars. L&#8217;inscription se fait par t\u00e9l\u00e9phone, par mail ou sur place. Il s&#8217;agit en r\u00e9alit\u00e9 d&#8217;une pr\u00e9-inscription. En effet, pour que l&#8217;inscription soit effective, notre coordinatrice vous recontacte pour remplir avec vous la fiche d&#8217;inscription et la fiche m\u00e9dicale. Il est important de rappeler que nous donnons priorit\u00e9 aux enfants qui n&#8217;ont aucune autre possibilit\u00e9 de s&#8217;\u00e9vader durant les vacances d&#8217;\u00e9t\u00e9.<br>L&#8217;inscription aux s\u00e9jours demande une participation financi\u00e8re, contactez-nous pour plus d&#8217;infos.<\/figcaption><\/figure>\n\n\n\n<figure class=\"wp-block-image size-large is-resized\"><a href=\"http:\/\/www.csav.be\/wp-content\/uploads\/2023\/03\/FAQ-3.png\"><img decoding=\"async\" loading=\"lazy\" src=\"http:\/\/www.csav.be\/wp-content\/uploads\/2023\/03\/FAQ-3-1024x122.png\" alt=\"\" class=\"wp-image-1410\" width=\"632\" height=\"75\" srcset=\"http:\/\/www.csav.be\/wp-content\/uploads\/2023\/03\/FAQ-3-1024x122.png 1024w, http:\/\/www.csav.be\/wp-content\/uploads\/2023\/03\/FAQ-3-300x36.png 300w, http:\/\/www.csav.be\/wp-content\/uploads\/2023\/03\/FAQ-3-768x91.png 768w, http:\/\/www.csav.be\/wp-content\/uploads\/2023\/03\/FAQ-3.png 1075w\" sizes=\"(max-width: 632px) 100vw, 632px\" \/><\/a><figcaption class=\"wp-element-caption\">Durant les vacances scolaires, nous organisons divers stages sur le territoire vervi\u00e9tois. L&#8217;inscription se fait par t\u00e9l\u00e9phone, par mail ou sur place. Elle est effective une fois que nous avons re\u00e7u le paiement. Pour pouvoir participer \u00e0 nos stages, votre\/vos enfants doivent \u00eatre inscrits aupr\u00e8s de notre mouvement. Pour ce faire, nous fixons un rendez-vous avec vous afin de remplir les papiers d&#8217;inscription. <br>Nous organisons des stages pour les enfants du primaire (6-12 ans). <br>L&#8217;inscription aux stages de vacances demande une participation financi\u00e8re, contactez-nous pour plus d&#8217;infos.<\/figcaption><\/figure>\n\n\n\n<figure class=\"wp-block-image size-large is-resized\"><a href=\"http:\/\/www.csav.be\/wp-content\/uploads\/2023\/03\/FAQ-4-2.png\"><img decoding=\"async\" loading=\"lazy\" src=\"http:\/\/www.csav.be\/wp-content\/uploads\/2023\/03\/FAQ-4-2-1024x91.png\" alt=\"\" class=\"wp-image-1424\" width=\"639\" height=\"56\" srcset=\"http:\/\/www.csav.be\/wp-content\/uploads\/2023\/03\/FAQ-4-2-1024x91.png 1024w, http:\/\/www.csav.be\/wp-content\/uploads\/2023\/03\/FAQ-4-2-300x27.png 300w, http:\/\/www.csav.be\/wp-content\/uploads\/2023\/03\/FAQ-4-2-768x69.png 768w, http:\/\/www.csav.be\/wp-content\/uploads\/2023\/03\/FAQ-4-2.png 1075w\" sizes=\"(max-width: 639px) 100vw, 639px\" \/><\/a><figcaption class=\"wp-element-caption\">Plusieurs possibilit\u00e9s: <br>&#8211; Nous suivre sur Facebook;<br>&#8211; Inscrire votre\/vos enfants aupr\u00e8s de notre A.S.B.L. de cette mani\u00e8re, vous recevrez toutes les informations par mail ou par voie postale;<br>&#8211; N&#8217;h\u00e9sitez pas \u00e0 nous appeler, nous nous ferons un plaisir de vous renseigner.<\/figcaption><\/figure>\n","protected":false},"excerpt":{"rendered":"<p>Identit\u00e9 Inscriptions<\/p>\n","protected":false},"author":4,"featured_media":0,"parent":0,"menu_order":0,"comment_status":"closed","ping_status":"closed","template":"","meta":[],"_links":{"self":[{"href":"http:\/\/www.csav.be\/index.php?rest_route=\/wp\/v2\/pages\/1401"}],"collection":[{"href":"http:\/\/www.csav.be\/index.php?rest_route=\/wp\/v2\/pages"}],"about":[{"href":"http:\/\/www.csav.be\/index.php?rest_route=\/wp\/v2\/types\/page"}],"author":[{"embeddable":true,"href":"http:\/\/www.csav.be\/index.php?rest_route=\/wp\/v2\/users\/4"}],"replies":[{"embeddable":true,"href":"http:\/\/www.csav.be\/index.php?rest_route=%2Fwp%2Fv2%2Fcomments&post=1401"}],"version-history":[{"count":10,"href":"http:\/\/www.csav.be\/index.php?rest_route=\/wp\/v2\/pages\/1401\/revisions"}],"predecessor-version":[{"id":1491,"href":"http:\/\/www.csav.be\/index.php?rest_route=\/wp\/v2\/pages\/1401\/revisions\/1491"}],"wp:attachment":[{"href":"http:\/\/www.csav.be\/index.php?rest_route=%2Fwp%2Fv2%2Fmedia&parent=1401"}],"curies":[{"name":"wp","href":"https:\/\/api.w.org\/{rel}","templated":true}]}}