{"id":37,"date":"2015-09-14T15:28:02","date_gmt":"2015-09-14T13:28:02","guid":{"rendered":"http:\/\/www.csav.be\/?page_id=37"},"modified":"2023-01-17T18:12:16","modified_gmt":"2023-01-17T16:12:16","slug":"qui-sommes-nous","status":"publish","type":"page","link":"http:\/\/www.csav.be\/?page_id=37","title":{"rendered":"Notre histoire"},"content":{"rendered":"<p><span style=\"color: #808080;\">Les Cha\u00eenes de Services et d&#8217;Amiti\u00e9 (C.S.A.) ont \u00e9t\u00e9 fond\u00e9es \u00e0 Verviers en 1968. <span style=\"color: #99cc00;\">S\u0153ur Madeleine BEAUCARNE<\/span>, arrivant de Bruxelles, constitue alors des \u00e9quipes de jeunes b\u00e9n\u00e9voles. <\/span><\/p>\n<p><span style=\"color: #808080;\">L&#8217;id\u00e9e \u00e9tait double : <span style=\"color: #3366ff;\">apporter une solution \u00e0 certains probl\u00e8mes sociaux<\/span> (l&#8217;isolement des personnes \u00e2g\u00e9es, les difficult\u00e9s scolaires des enfants immigr\u00e9s ou d\u00e9favoris\u00e9s) et <span style=\"color: #3366ff;\">former des jeunes \u00e0 r\u00e9pondre \u00e0 ces situations<\/span>. En 1974, le mouvement se constitue en ASBL et r\u00e9unit une quarantaine d&#8217;enfants (rencontres avec d&#8217;autres jeunes des quartiers et s\u00e9jours de 6 jours).<\/span><\/p>\n<p><span style=\"color: #808080;\">Actuellement, implant\u00e9e dans un quartier multiculturel, l&#8217;association s&#8217;est professionnalis\u00e9e et l&#8217;objet social a \u00e9volu\u00e9 (cf. nouveaux Statuts).<\/span><\/p>\n<p><span style=\"color: #808080;\">Les C.S.A., par l&#8217;ensemble de leurs activit\u00e9s, jouent un r\u00f4le de pr\u00e9vention. L&#8217;ASBL r\u00e9alise un travail <span style=\"color: #ff9900;\">\u00e9ducatif et culturel<\/span> de premi\u00e8re ligne qui permet \u00e0 la population d&#8217;avoir un point de rep\u00e8re en cas de difficult\u00e9.<\/span><\/p>\n<p>\u00a0<\/p>\n\n<div class=\"wp-block-image\">\n<figure class=\"aligncenter size-large\"><a href=\"http:\/\/www.csav.be\/wp-content\/uploads\/2023\/01\/1.jpg\"><img decoding=\"async\" loading=\"lazy\" width=\"1024\" height=\"724\" src=\"http:\/\/www.csav.be\/wp-content\/uploads\/2023\/01\/1-1024x724.jpg\" alt=\"\" class=\"wp-image-1332\" srcset=\"http:\/\/www.csav.be\/wp-content\/uploads\/2023\/01\/1-1024x724.jpg 1024w, http:\/\/www.csav.be\/wp-content\/uploads\/2023\/01\/1-300x212.jpg 300w, http:\/\/www.csav.be\/wp-content\/uploads\/2023\/01\/1-768x543.jpg 768w, http:\/\/www.csav.be\/wp-content\/uploads\/2023\/01\/1-1536x1086.jpg 1536w, http:\/\/www.csav.be\/wp-content\/uploads\/2023\/01\/1.jpg 2000w\" sizes=\"(max-width: 1024px) 100vw, 1024px\" \/><\/a><\/figure><\/div>\n\n\n<div style=\"height:57px\" aria-hidden=\"true\" class=\"wp-block-spacer\"><\/div>\n\n\n<div class=\"wp-block-image\">\n<figure class=\"aligncenter size-large\"><a href=\"http:\/\/www.csav.be\/wp-content\/uploads\/2023\/01\/2.jpg\"><img decoding=\"async\" loading=\"lazy\" width=\"1024\" height=\"724\" src=\"http:\/\/www.csav.be\/wp-content\/uploads\/2023\/01\/2-1024x724.jpg\" alt=\"\" class=\"wp-image-1333\" srcset=\"http:\/\/www.csav.be\/wp-content\/uploads\/2023\/01\/2-1024x724.jpg 1024w, http:\/\/www.csav.be\/wp-content\/uploads\/2023\/01\/2-300x212.jpg 300w, http:\/\/www.csav.be\/wp-content\/uploads\/2023\/01\/2-768x543.jpg 768w, http:\/\/www.csav.be\/wp-content\/uploads\/2023\/01\/2-1536x1086.jpg 1536w, http:\/\/www.csav.be\/wp-content\/uploads\/2023\/01\/2.jpg 2000w\" sizes=\"(max-width: 1024px) 100vw, 1024px\" \/><\/a><\/figure><\/div>","protected":false},"excerpt":{"rendered":"<p>Les Cha\u00eenes de Services et d&#8217;Amiti\u00e9 (C.S.A.) ont \u00e9t\u00e9 fond\u00e9es \u00e0 Verviers en 1968. S\u0153ur [&hellip;]<\/p>\n","protected":false},"author":1,"featured_media":0,"parent":0,"menu_order":0,"comment_status":"closed","ping_status":"closed","template":"","meta":[],"_links":{"self":[{"href":"http:\/\/www.csav.be\/index.php?rest_route=\/wp\/v2\/pages\/37"}],"collection":[{"href":"http:\/\/www.csav.be\/index.php?rest_route=\/wp\/v2\/pages"}],"about":[{"href":"http:\/\/www.csav.be\/index.php?rest_route=\/wp\/v2\/types\/page"}],"author":[{"embeddable":true,"href":"http:\/\/www.csav.be\/index.php?rest_route=\/wp\/v2\/users\/1"}],"replies":[{"embeddable":true,"href":"http:\/\/www.csav.be\/index.php?rest_route=%2Fwp%2Fv2%2Fcomments&post=37"}],"version-history":[{"count":6,"href":"http:\/\/www.csav.be\/index.php?rest_route=\/wp\/v2\/pages\/37\/revisions"}],"predecessor-version":[{"id":1334,"href":"http:\/\/www.csav.be\/index.php?rest_route=\/wp\/v2\/pages\/37\/revisions\/1334"}],"wp:attachment":[{"href":"http:\/\/www.csav.be\/index.php?rest_route=%2Fwp%2Fv2%2Fmedia&parent=37"}],"curies":[{"name":"wp","href":"https:\/\/api.w.org\/{rel}","templated":true}]}}